{"id":6,"date":"2025-06-03T19:15:39","date_gmt":"2025-06-03T17:15:39","guid":{"rendered":"https:\/\/dw-slodki.pl\/?page_id=6"},"modified":"2025-06-03T20:48:58","modified_gmt":"2025-06-03T18:48:58","slug":"home","status":"publish","type":"page","link":"https:\/\/dw-slodki.pl\/","title":{"rendered":"Home"},"content":{"rendered":"\t\t<div data-elementor-type=\"wp-page\" data-elementor-id=\"6\" class=\"elementor elementor-6\" data-elementor-post-type=\"page\">\n\t\t\t\t<div class=\"elementor-element elementor-element-338f993 e-con-full e-flex e-con e-parent\" data-id=\"338f993\" data-element_type=\"container\" data-settings=\"{&quot;background_background&quot;:&quot;classic&quot;}\">\n\t\t\t\t<div class=\"elementor-element elementor-element-6bac239 animated-slow elementor-invisible elementor-widget elementor-widget-heading\" data-id=\"6bac239\" data-element_type=\"widget\" data-settings=\"{&quot;_animation&quot;:&quot;fadeIn&quot;}\" data-widget_type=\"heading.default\">\n\t\t\t\t<div class=\"elementor-widget-container\">\n\t\t\t\t\t<h2 class=\"elementor-heading-title elementor-size-default\">Dom Wczasowy S\u0141ODKI<\/h2>\t\t\t\t<\/div>\n\t\t\t\t<\/div>\n\t\t\t\t<div class=\"elementor-element elementor-element-f9c7178 animated-slow elementor-invisible elementor-widget elementor-widget-heading\" data-id=\"f9c7178\" data-element_type=\"widget\" data-settings=\"{&quot;_animation&quot;:&quot;fadeIn&quot;}\" data-widget_type=\"heading.default\">\n\t\t\t\t<div class=\"elementor-widget-container\">\n\t\t\t\t\t<h2 class=\"elementor-heading-title elementor-size-default\">Idealne miejsce na Tw\u00f3j wypoczynek<\/h2>\t\t\t\t<\/div>\n\t\t\t\t<\/div>\n\t\t\t\t<\/div>\n\t\t<div class=\"elementor-element elementor-element-87787db e-flex e-con-boxed e-con e-parent\" data-id=\"87787db\" data-element_type=\"container\">\n\t\t\t\t\t<div class=\"e-con-inner\">\n\t\t\t\t<div class=\"elementor-element elementor-element-683185f elementor-widget elementor-widget-text-editor\" data-id=\"683185f\" data-element_type=\"widget\" data-widget_type=\"text-editor.default\">\n\t\t\t\t<div class=\"elementor-widget-container\">\n\t\t\t\t\t\t\t\t\t<p>Dom Wczasowy &#8220;S\u0142odki&#8221; Zaprasza do Jastrz\u0119biej G\u00f3ry. Obiekt jest usytuowany w centrum Jastrz\u0119biej<br \/>G\u00f3ry, 100 m od zej\u015bcia na pla\u017c\u0119. Dla naszych go\u015bci przygotowali\u015bmy 2, 3, 4 osobowe pokoje z \u0142azienkami<br \/>oraz og\u00f3lnodost\u0119pne aneksy kuchenne. Pokoje typu studio z oddzieln\u0105 sypialni\u0105 i balkonem.Mamy te\u017c<br \/>pokoje przystosowane dla os\u00f3b niepe\u0142nosprawnych &#8211; poziom &#8220;zero&#8221; (bez schod\u00f3w). Do dyspozycji go\u015bci<br \/>jest tak\u017ce sala sportowa wyposa\u017cona w urz\u0105dzenia typu fittness, basen z kulkami, trampolin\u0119 oraz ping<br \/>pong.<br \/>Ceny do uzgodnienia. Od 60 z\u0142 za osobodob\u0119, w zale\u017cno\u015bci od pory roku i d\u0142ugo\u015bci pobytu.<br \/>W\/w ceny dotycz\u0105 pobytu min. 6 nocleg\u00f3w.<br \/>Rezerwacja wy\u0142\u0105cznie telefonicznie!<br \/>Nr 604 057 420<br \/>Kontakt tylko na telefon : 604 057 420<br \/>Nr konta do wp\u0142at: BS Krokowa o\/W\u0142adys\u0142awowo<br \/>24 8349 0002 0034 6720 2000 0010<br \/>Adres: 84-104 Jastrz\u0119bia G\u00f3ra, ul. Droga Rybacka 39<\/p>\t\t\t\t\t\t\t\t<\/div>\n\t\t\t\t<\/div>\n\t\t\t\t\t<\/div>\n\t\t\t\t<\/div>\n\t\t<div class=\"elementor-element elementor-element-79aa5a5 e-con-full e-flex e-con e-parent\" data-id=\"79aa5a5\" data-element_type=\"container\">\n\t\t\t\t<div class=\"elementor-element elementor-element-7fa7903 elementor-arrows-position-inside elementor-pagination-position-outside elementor-widget elementor-widget-image-carousel\" data-id=\"7fa7903\" data-element_type=\"widget\" data-settings=\"{&quot;slides_to_show&quot;:&quot;2&quot;,&quot;navigation&quot;:&quot;both&quot;,&quot;autoplay&quot;:&quot;yes&quot;,&quot;pause_on_hover&quot;:&quot;yes&quot;,&quot;pause_on_interaction&quot;:&quot;yes&quot;,&quot;autoplay_speed&quot;:5000,&quot;infinite&quot;:&quot;yes&quot;,&quot;speed&quot;:500}\" data-widget_type=\"image-carousel.default\">\n\t\t\t\t<div class=\"elementor-widget-container\">\n\t\t\t\t\t\t\t<div class=\"elementor-image-carousel-wrapper swiper\" role=\"region\" aria-roledescription=\"carousel\" aria-label=\"Karuzela obrazk\u00f3w\" dir=\"ltr\">\n\t\t\t<div class=\"elementor-image-carousel swiper-wrapper\" aria-live=\"off\">\n\t\t\t\t\t\t\t\t<div class=\"swiper-slide\" role=\"group\" aria-roledescription=\"slide\" aria-label=\"1 of 5\"><figure class=\"swiper-slide-inner\"><img decoding=\"async\" class=\"swiper-slide-image\" src=\"https:\/\/dw-slodki.pl\/wp-content\/uploads\/2025\/06\/Zdjecie-WhatsApp-2025-06-03-o-19.20.13_77014bad-1.jpg\" alt=\"Zdj\u0119cie WhatsApp 2025-06-03 o 19.20.13_77014bad\" \/><\/figure><\/div><div class=\"swiper-slide\" role=\"group\" aria-roledescription=\"slide\" aria-label=\"2 of 5\"><figure class=\"swiper-slide-inner\"><img decoding=\"async\" class=\"swiper-slide-image\" src=\"https:\/\/dw-slodki.pl\/wp-content\/uploads\/2025\/06\/1A-32-m2-kopia.jpg\" alt=\"1A-32 m2 kopia\" \/><\/figure><\/div><div class=\"swiper-slide\" role=\"group\" aria-roledescription=\"slide\" aria-label=\"3 of 5\"><figure class=\"swiper-slide-inner\"><img decoding=\"async\" class=\"swiper-slide-image\" src=\"https:\/\/dw-slodki.pl\/wp-content\/uploads\/2025\/06\/04-DW-Slodki-Jastrzebia-Gora-kopia.webp\" alt=\"04 DW S\u0142odki Jastrz\u0119bia G\u00f3ra kopia\" \/><\/figure><\/div><div class=\"swiper-slide\" role=\"group\" aria-roledescription=\"slide\" aria-label=\"4 of 5\"><figure class=\"swiper-slide-inner\"><img decoding=\"async\" class=\"swiper-slide-image\" src=\"https:\/\/dw-slodki.pl\/wp-content\/uploads\/2025\/06\/holl-kopia333.webp\" alt=\"holl kopia333\" \/><\/figure><\/div><div class=\"swiper-slide\" role=\"group\" aria-roledescription=\"slide\" aria-label=\"5 of 5\"><figure class=\"swiper-slide-inner\"><img decoding=\"async\" class=\"swiper-slide-image\" src=\"https:\/\/dw-slodki.pl\/wp-content\/uploads\/2025\/06\/07-DW-Slodki-Jastrzebia-Gora-kopia.webp\" alt=\"07 DW S\u0142odki Jastrz\u0119bia G\u00f3ra kopia\" \/><\/figure><\/div>\t\t\t<\/div>\n\t\t\t\t\t\t\t\t\t\t\t\t<div class=\"elementor-swiper-button elementor-swiper-button-prev\" role=\"button\" tabindex=\"0\">\n\t\t\t\t\t\t<svg aria-hidden=\"true\" class=\"e-font-icon-svg e-eicon-chevron-left\" viewBox=\"0 0 1000 1000\" xmlns=\"http:\/\/www.w3.org\/2000\/svg\"><path d=\"M646 125C629 125 613 133 604 142L308 442C296 454 292 471 292 487 292 504 296 521 308 533L604 854C617 867 629 875 646 875 663 875 679 871 692 858 704 846 713 829 713 812 713 796 708 779 692 767L438 487 692 225C700 217 708 204 708 187 708 171 704 154 692 142 675 129 663 125 646 125Z\"><\/path><\/svg>\t\t\t\t\t<\/div>\n\t\t\t\t\t<div class=\"elementor-swiper-button elementor-swiper-button-next\" role=\"button\" tabindex=\"0\">\n\t\t\t\t\t\t<svg aria-hidden=\"true\" class=\"e-font-icon-svg e-eicon-chevron-right\" viewBox=\"0 0 1000 1000\" xmlns=\"http:\/\/www.w3.org\/2000\/svg\"><path d=\"M696 533C708 521 713 504 713 487 713 471 708 454 696 446L400 146C388 133 375 125 354 125 338 125 325 129 313 142 300 154 292 171 292 187 292 204 296 221 308 233L563 492 304 771C292 783 288 800 288 817 288 833 296 850 308 863 321 871 338 875 354 875 371 875 388 867 400 854L696 533Z\"><\/path><\/svg>\t\t\t\t\t<\/div>\n\t\t\t\t\n\t\t\t\t\t\t\t\t\t<div class=\"swiper-pagination\"><\/div>\n\t\t\t\t\t\t\t\t\t<\/div>\n\t\t\t\t\t\t<\/div>\n\t\t\t\t<\/div>\n\t\t\t\t<\/div>\n\t\t\t\t<\/div>\n\t\t","protected":false},"excerpt":{"rendered":"<p>Dom Wczasowy S\u0141ODKI Idealne miejsce na Tw\u00f3j wypoczynek Dom Wczasowy &#8220;S\u0142odki&#8221; Zaprasza do Jastrz\u0119biej G\u00f3ry. Obiekt jest usytuowany w centrum Jastrz\u0119biejG\u00f3ry, 100 m od zej\u015bcia na pla\u017c\u0119. Dla naszych go\u015bci przygotowali\u015bmy 2, 3, 4 osobowe pokoje z \u0142azienkamioraz og\u00f3lnodost\u0119pne aneksy kuchenne. Pokoje typu studio z oddzieln\u0105 sypialni\u0105 i balkonem.Mamy te\u017cpokoje przystosowane dla os\u00f3b niepe\u0142nosprawnych &#8211; [&hellip;]<\/p>\n","protected":false},"author":1,"featured_media":0,"parent":0,"menu_order":0,"comment_status":"closed","ping_status":"closed","template":"","meta":{"footnotes":""},"class_list":["post-6","page","type-page","status-publish","hentry"],"_links":{"self":[{"href":"https:\/\/dw-slodki.pl\/index.php?rest_route=\/wp\/v2\/pages\/6","targetHints":{"allow":["GET"]}}],"collection":[{"href":"https:\/\/dw-slodki.pl\/index.php?rest_route=\/wp\/v2\/pages"}],"about":[{"href":"https:\/\/dw-slodki.pl\/index.php?rest_route=\/wp\/v2\/types\/page"}],"author":[{"embeddable":true,"href":"https:\/\/dw-slodki.pl\/index.php?rest_route=\/wp\/v2\/users\/1"}],"replies":[{"embeddable":true,"href":"https:\/\/dw-slodki.pl\/index.php?rest_route=%2Fwp%2Fv2%2Fcomments&post=6"}],"version-history":[{"count":73,"href":"https:\/\/dw-slodki.pl\/index.php?rest_route=\/wp\/v2\/pages\/6\/revisions"}],"predecessor-version":[{"id":93,"href":"https:\/\/dw-slodki.pl\/index.php?rest_route=\/wp\/v2\/pages\/6\/revisions\/93"}],"wp:attachment":[{"href":"https:\/\/dw-slodki.pl\/index.php?rest_route=%2Fwp%2Fv2%2Fmedia&parent=6"}],"curies":[{"name":"wp","href":"https:\/\/api.w.org\/{rel}","templated":true}]}}